{"id":1009,"date":"2025-07-17T14:15:53","date_gmt":"2025-07-17T14:15:53","guid":{"rendered":"https:\/\/wmshippingservices.com.br\/?page_id=1009"},"modified":"2026-02-23T19:06:45","modified_gmt":"2026-02-23T19:06:45","slug":"politica-de-cookies","status":"publish","type":"page","link":"https:\/\/wmshippingservices.com.br\/pt\/politica-de-cookies\/","title":{"rendered":"Pol\u00edtica de Cookies"},"content":{"rendered":"<div data-elementor-type=\"wp-page\" data-elementor-id=\"1009\" class=\"elementor elementor-1009\" data-elementor-post-type=\"page\">\n\t\t\t\t<div class=\"elementor-element elementor-element-2263550 e-con-full e-flex e-con e-parent\" data-id=\"2263550\" data-element_type=\"container\" data-settings=\"{&quot;background_background&quot;:&quot;classic&quot;}\">\n\t\t\t\t<div class=\"elementor-element elementor-element-65d5519 elementor-widget elementor-widget-heading\" data-id=\"65d5519\" data-element_type=\"widget\" data-widget_type=\"heading.default\">\n\t\t\t\t<div class=\"elementor-widget-container\">\n\t\t\t\t\t<h2 class=\"elementor-heading-title elementor-size-default\">Pol\u00edtica de Cookies<\/h2>\t\t\t\t<\/div>\n\t\t\t\t<\/div>\n\t\t\t\t<div class=\"elementor-element elementor-element-43534c0 elementor-widget elementor-widget-text-editor\" data-id=\"43534c0\" data-element_type=\"widget\" data-widget_type=\"text-editor.default\">\n\t\t\t\t<div class=\"elementor-widget-container\">\n\t\t\t\t\t\t\t\t\t<p class=\"translation-block\"><a class=\"other\" href=\"\/pt\/\">Home<\/a> \/ Pol\u00edtica de Cookies<\/p>\t\t\t\t\t\t\t\t<\/div>\n\t\t\t\t<\/div>\n\t\t\t\t<\/div>\n\t\t<div class=\"elementor-element elementor-element-44d951a e-con-full e-flex e-con e-parent\" data-id=\"44d951a\" data-element_type=\"container\" data-settings=\"{&quot;background_background&quot;:&quot;classic&quot;}\">\n\t\t<div class=\"elementor-element elementor-element-2b00357 e-con-full e-flex e-con e-child\" data-id=\"2b00357\" data-element_type=\"container\">\n\t\t<div class=\"elementor-element elementor-element-33ea62b e-con-full e-flex e-con e-child\" data-id=\"33ea62b\" data-element_type=\"container\">\n\t\t\t\t<div class=\"elementor-element elementor-element-4b5efaa elementor-widget elementor-widget-text-editor\" data-id=\"4b5efaa\" data-element_type=\"widget\" data-widget_type=\"text-editor.default\">\n\t\t\t\t<div class=\"elementor-widget-container\">\n\t\t\t\t\t\t\t\t\t<div class=\"ql-align-justify\"><div class=\"ql-align-justify\"><div class=\"ql-align-justify\">A Pol\u00edtica de Cookies definida abaixo tem como objetivo descrever as pr\u00e1ticas que seguimos para respeitar a privacidade de todos os visitantes do nosso site.<\/div><div class=\"ql-align-justify\">\u00a0<\/div><div class=\"ql-align-justify\">Nessa pol\u00edtica, as informa\u00e7\u00f5es pessoais significam dados relacionados a um indiv\u00edduo e que identificam esse indiv\u00edduo, direta ou indiretamente, como seu nome ou suas informa\u00e7\u00f5es de contato.<\/div><div class=\"ql-align-justify\">\u00a0<\/div><div class=\"ql-align-justify\">Se voc\u00ea tiver alguma d\u00favida sobre o processamento de suas informa\u00e7\u00f5es pessoais em nosso site <a href=\"http:\/\/www.dzllogistics.com.br\/\" target=\"_blank\" rel=\"noopener noreferrer\">www.<\/a><a href=\"http:\/\/mailto:walter@wmshippingservices.com.br\/pt\/\" target=\"_blank\" rel=\"noopener noreferrer\">wmshippingservices.com.br<\/a>, entre em contato conosco enviando um e-mail para o seguinte endere\u00e7o eletr\u00f4nico: <a href=\"http:\/\/mailto:walter@wmshippingservices.com.br\/pt\/\" target=\"_blank\" rel=\"noopener noreferrer\">walter@wmshippingservices.com.br<\/a>.<\/div><div class=\"ql-align-justify\">\u00a0<\/div><div class=\"ql-align-justify\">Nosso site usa cookies para melhorar o desempenho e aprimorar a sua experi\u00eancia de navega\u00e7\u00e3o. Certas \u00e1reas do Nosso Site tamb\u00e9m utilizam cookies para entender mais sobre voc\u00ea, de modo que possamos oferecer uma experi\u00eancia de navega\u00e7\u00e3o mais personalizada.<\/div><div class=\"ql-align-justify\">\u00a0<\/div><div class=\"ql-align-justify\"><strong>1. O que \u00e9 um Cookie?<\/strong><\/div><div class=\"ql-align-justify\"><strong>\u00a0<\/strong><\/div><div class=\"ql-align-justify\">Um cookie \u00e9 uma tecnologia que permite ao nosso site armazenar tokens de informa\u00e7\u00e3o (um \u2018identificador\u2019) no seu navegador, usados apenas pelo nosso site. Os cookies n\u00e3o s\u00e3o usados para determinar a identidade pessoal de quem est\u00e1 apenas visitando nosso site. Eles servem para nos ajudar a rastrear padr\u00f5es de tr\u00e1fego, para determinar a localiza\u00e7\u00e3o e o idioma preferidos de um usu\u00e1rio, para que possamos direcion\u00e1-los para a p\u00e1gina inicial do pa\u00eds correta quando visitarem o nosso site. Esses cookies s\u00e3o definidos por n\u00f3s e chamados de cookies de primeira parte.<\/div><div class=\"ql-align-justify\">\u00a0<\/div><div class=\"ql-align-justify\">Em determinadas p\u00e1ginas do nosso site, os cookies s\u00e3o usados a fim de rastrear seus interesses enquanto voc\u00ea navega na Internet. Isso nos permite personalizar mais an\u00fancios relevantes e entender o que \u00e9 importante para voc\u00ea.<\/div><div class=\"ql-align-justify\">\u00a0<\/div><div class=\"ql-align-justify\">Tamb\u00e9m usamos cookies de terceiros \u2013 que s\u00e3o cookies de um dom\u00ednio diferente do dom\u00ednio do nosso site \u2013 para nossos esfor\u00e7os de publicidade e marketing.<\/div><div class=\"ql-align-justify\">\u00a0<\/div><div class=\"ql-align-justify\"><strong>2. Como Desabilitar os Cookies?<\/strong><\/div><div class=\"ql-align-justify\"><strong>\u00a0<\/strong><\/div><div class=\"ql-align-justify\">Se voc\u00ea n\u00e3o deseja receber um cookie do nosso site, voc\u00ea tem v\u00e1rias op\u00e7\u00f5es, como optar por n\u00e3o os receber ou desativando aqueles que teriam sido instalados no seu terminal. Voc\u00ea pode fazer a escolha a qualquer momento para expressar e modificar seus desejos com rela\u00e7\u00e3o aos cookies, pelos meios descritos abaixo.<\/div><div class=\"ql-align-justify\">\u00a0<\/div><div class=\"ql-align-justify\">De fato, se a maioria dos navegadores \u00e9 configurada por padr\u00e3o e aceita a instala\u00e7\u00e3o de cookies. No entanto, voc\u00ea tem a op\u00e7\u00e3o, se desejar, de aceitar todos os cookies ou optar por n\u00e3o os receber sistematicamente.<\/div><div class=\"ql-align-justify\">\u00a0<\/div><div class=\"ql-align-justify\">Voc\u00ea tamb\u00e9m pode configurar seu navegador para aceitar ou excluir cookies antes de eles serem instalados conforme o caso. Voc\u00ea tamb\u00e9m pode remover regularmente os cookies do seu terminal atrav\u00e9s do seu navegador. Contudo, esteja ciente de que, se voc\u00ea desabilitar os \u201ccookies\u201d no seu navegador, n\u00e3o poder\u00e1 experimentar completamente algumas de nossas p\u00e1ginas. Por exemplo, voc\u00ea n\u00e3o poder\u00e1 se beneficiar do login autom\u00e1tico e de outros recursos de personaliza\u00e7\u00e3o do nosso site.<\/div><div class=\"ql-align-justify\">\u00a0<\/div><div class=\"ql-align-justify\">Lembre-se de que voc\u00ea n\u00e3o deve esquecer de configurar todos os navegadores de seus terminais diferentes (tablets, smartphones, computadores, entre outros).<\/div><div class=\"ql-align-justify\">Para o gerenciamento de cookies e escolhas, os meios para configurar cada navegador s\u00e3o diferentes. Eles est\u00e3o descritos na se\u00e7\u00e3o Ajuda do navegador, que permitir\u00e1 que voc\u00ea saiba como alterar suas prefer\u00eancias de cookies.<\/div><div class=\"ql-align-justify\">\u00a0<\/div><div class=\"ql-align-justify\">Especialmente, em rela\u00e7\u00e3o aos cookies de medi\u00e7\u00e3o de p\u00fablico, voc\u00ea tamb\u00e9m pode desativ\u00e1-los da seguinte maneira:<\/div><div class=\"ql-align-justify\">\u00a0<\/div><div>\u2013 Para mais informa\u00e7\u00f5es sobre a configura\u00e7\u00e3o de cookies: <a href=\"http:\/\/www.aboutcookies.org\/\" target=\"_blank\" rel=\"noopener noreferrer\">http:\/\/www.aboutcookies.org\/<\/a>;<\/div><div>\u2013 Para os cookies do \u201cGoogle Analytics\u201d, voc\u00ea pode fazer o download do m\u00f3dulo acess\u00edvel a partir do endere\u00e7o a seguir para desativar esses cookies: <a href=\"https:\/\/tools.google.com\/dlpage\/gaoptout\/\" target=\"_blank\" rel=\"noopener noreferrer\">https:\/\/tools.google.com\/dlpage\/gaoptout\/<\/a>;<\/div><div>\u2013 Para o Internet Explorer\u2122: <a href=\"https:\/\/support.microsoft.com\/pt-br\/topic\/excluir-e-gerenciar-cookies-168dab11-0753-043d-7c16-ede5947fc64d\" target=\"_blank\" rel=\"noopener noreferrer\">https:\/\/support.microsoft.com\/pt-br\/topic\/excluir-e-gerenciar-cookies-168dab11-0753-043d-7c16-ede5947fc64d<\/a>;<\/div><div>\u2013 Para Safari\u2122: <a href=\"https:\/\/support.apple.com\/pt-br\/HT201265\" target=\"_blank\" rel=\"noopener noreferrer\">https:\/\/support.apple.com\/pt-br\/HT201265<\/a>;<\/div><div>\u2013 Para Chrome\u2122: <a href=\"https:\/\/support.google.com\/chrome\/answer\/95647?hl=pt\" target=\"_blank\" rel=\"noopener noreferrer\">https:\/\/support.google.com\/chrome\/answer\/95647?hl=pt<\/a>;<\/div><div>\u2013 Para Firefox\u2122: <a href=\"https:\/\/support.mozilla.org\/pt-BR\/kb\/protecao-aprimorada-contra-rastreamento-firefox-desktop?redirectslug=ative-desative-cookies-sites-rastrear-preferencias&amp;redirectlocale=pt-BR\" target=\"_blank\" rel=\"noopener noreferrer\">https:\/\/support.mozilla.org\/pt-BR\/kb\/protecao-aprimorada-contra-rastreamento-firefox-desktop?redirectslug=ative-desative-cookies-sites-rastrear-preferencias&amp;redirectlocale=pt-BR<\/a>;<\/div><div>\u2013 Para o Opera\u2122: <a href=\"https:\/\/help.opera.com\/pt-br\/latest\/web-preferences\/#cookies\" target=\"_blank\" rel=\"noopener noreferrer\">https:\/\/help.opera.com\/pt-br\/latest\/web-preferences\/#cookies<\/a>.<\/div><div>\u00a0<\/div><div><strong>3. Quais Cookies Utilizamos?<\/strong><\/div><div><strong>\u00a0<\/strong><\/div><div>Mais especificamente, usamos cookies e outras tecnologias de rastreamento para os seguintes fins:<\/div><div>\u00a0<\/div><div>\u2013 Cookies Essenciais\/Estritamente Necess\u00e1rios;<\/div><div>\u2013 Cookies Funcionais.<\/div><div>\u00a0<\/div><div>Cookies Essenciais\/Estritamente Necess\u00e1rios:<\/div><div>\u00a0<\/div><div>Alguns cookies que usamos s\u00e3o essenciais para o funcionamento do nosso site. Eles geralmente s\u00e3o definidos apenas em resposta a a\u00e7\u00f5es feitas por voc\u00ea, o que equivale a uma solicita\u00e7\u00e3o de servi\u00e7os, como definir suas prefer\u00eancias de privacidade, efetuar login ou preencher formul\u00e1rios. Voc\u00ea pode configurar seu navegador para bloque\u00e1-los ou alert\u00e1-lo sobre esses cookies, mas algumas partes do site podem n\u00e3o funcionar.<\/div><div>\u00a0<\/div><div>Cookies Funcionais:<\/div><div>\u00a0<\/div><div>Alguns cookies nos ajudam a lembrar de suas configura\u00e7\u00f5es que voc\u00ea pode ter selecionado, ou ajudam com outras funcionalidades quando voc\u00ea navega e usa o nosso Site. Isso nos ajuda a lembrar o que voc\u00ea selecionou, ent\u00e3o, quando voc\u00ea retorna, nos lembramos de suas prefer\u00eancias.<\/div><div>Esses cookies permitem o fornecimento de funcionalidade e personaliza\u00e7\u00e3o aprimoradas. Eles podem ser definidos por n\u00f3s ou por provedores terceiros cujos servi\u00e7os adicionamos \u00e0s nossas p\u00e1ginas. Se voc\u00ea n\u00e3o permitir esses cookies, algumas ou todas essas funcionalidades podem n\u00e3o funcionar corretamente.<\/div><div>\u00a0<\/div><div><strong>4. Altera\u00e7\u00f5es nesta Pol\u00edtica de Cookies<\/strong><\/div><div><strong>\u00a0<\/strong><\/div><div class=\"translation-block\">A <strong>WM Shipping Services Ltda<\/strong> nome fantasia WM Shipping Services pode alterar esta declara\u00e7\u00e3o de pol\u00edtica de cookies conforme necess\u00e1rio. Se forem feitas altera\u00e7\u00f5es na pol\u00edtica, observe que pode levar at\u00e9 30 dias \u00fateis para que novas pr\u00e1ticas de privacidade sejam implementadas. Verifique esta p\u00e1gina periodicamente se voc\u00ea quiser monitorar as altera\u00e7\u00f5es.<\/div><div>\u00a0<\/div><div>\u00a0<\/div><div><strong>5. Entre em Contato<\/strong><\/div><div><strong>\u00a0<\/strong><\/div><div>Se voc\u00ea tiver d\u00favidas ou considerar que suas preocupa\u00e7\u00f5es n\u00e3o foram tratadas nesta Pol\u00edtica de Cookies, entre em contato enviando um e-mail para o seguinte endere\u00e7o de e-mail: <a href=\"http:\/\/mailto:walter@wmshippingservices.com.br\/pt\/\" target=\"_blank\" rel=\"noopener noreferrer\">walter@wmshippingservices.com.br<\/a>.<\/div><\/div><\/div>\t\t\t\t\t\t\t\t<\/div>\n\t\t\t\t<\/div>\n\t\t\t\t<\/div>\n\t\t\t\t<\/div>\n\t\t\t\t<\/div>\n\t\t\t\t<\/div>","protected":false},"excerpt":{"rendered":"<p>Cookie Policy Home \/ Cookie Policy The Cookie Policy set out below aims to describe the practices we follow to respect the privacy of all visitors to our website.\u00a0In this policy, personal information means data relating to an individual and identifying that individual, directly or indirectly, such as your name or your contact information.\u00a0If you [&hellip;]<\/p>","protected":false},"author":1,"featured_media":0,"parent":0,"menu_order":0,"comment_status":"closed","ping_status":"closed","template":"elementor_header_footer","meta":{"footnotes":""},"class_list":["post-1009","page","type-page","status-publish","hentry"],"_links":{"self":[{"href":"https:\/\/wmshippingservices.com.br\/pt\/wp-json\/wp\/v2\/pages\/1009","targetHints":{"allow":["GET"]}}],"collection":[{"href":"https:\/\/wmshippingservices.com.br\/pt\/wp-json\/wp\/v2\/pages"}],"about":[{"href":"https:\/\/wmshippingservices.com.br\/pt\/wp-json\/wp\/v2\/types\/page"}],"author":[{"embeddable":true,"href":"https:\/\/wmshippingservices.com.br\/pt\/wp-json\/wp\/v2\/users\/1"}],"replies":[{"embeddable":true,"href":"https:\/\/wmshippingservices.com.br\/pt\/wp-json\/wp\/v2\/comments?post=1009"}],"version-history":[{"count":16,"href":"https:\/\/wmshippingservices.com.br\/pt\/wp-json\/wp\/v2\/pages\/1009\/revisions"}],"predecessor-version":[{"id":1324,"href":"https:\/\/wmshippingservices.com.br\/pt\/wp-json\/wp\/v2\/pages\/1009\/revisions\/1324"}],"wp:attachment":[{"href":"https:\/\/wmshippingservices.com.br\/pt\/wp-json\/wp\/v2\/media?parent=1009"}],"curies":[{"name":"wp","href":"https:\/\/api.w.org\/{rel}","templated":true}]}}