{"id":3,"date":"2025-05-27T13:19:00","date_gmt":"2025-05-27T13:19:00","guid":{"rendered":"https:\/\/wmshippingservices.com.br\/?page_id=3"},"modified":"2026-02-23T19:07:31","modified_gmt":"2026-02-23T19:07:31","slug":"politica-de-privacidade","status":"publish","type":"page","link":"https:\/\/wmshippingservices.com.br\/pt\/politica-de-privacidade\/","title":{"rendered":"Pol\u00edtica de Privacidade"},"content":{"rendered":"<div data-elementor-type=\"wp-page\" data-elementor-id=\"3\" class=\"elementor elementor-3\" data-elementor-post-type=\"page\">\n\t\t\t\t<div class=\"elementor-element elementor-element-c44b8ce e-con-full e-flex e-con e-parent\" data-id=\"c44b8ce\" data-element_type=\"container\" data-settings=\"{&quot;background_background&quot;:&quot;classic&quot;}\">\n\t\t\t\t<div class=\"elementor-element elementor-element-f97046b elementor-widget elementor-widget-heading\" data-id=\"f97046b\" data-element_type=\"widget\" data-widget_type=\"heading.default\">\n\t\t\t\t<div class=\"elementor-widget-container\">\n\t\t\t\t\t<h2 class=\"elementor-heading-title elementor-size-default\">Pol\u00edtica de Privacidade<\/h2>\t\t\t\t<\/div>\n\t\t\t\t<\/div>\n\t\t\t\t<div class=\"elementor-element elementor-element-760fb09 elementor-widget elementor-widget-text-editor\" data-id=\"760fb09\" data-element_type=\"widget\" data-widget_type=\"text-editor.default\">\n\t\t\t\t<div class=\"elementor-widget-container\">\n\t\t\t\t\t\t\t\t\t<p><a class=\"other\" href=\"\/pt\/\">Home<\/a> \/ Pol\u00edtica de Privacidade<\/p>\t\t\t\t\t\t\t\t<\/div>\n\t\t\t\t<\/div>\n\t\t\t\t<\/div>\n\t\t<div class=\"elementor-element elementor-element-0779578 e-con-full e-flex e-con e-parent\" data-id=\"0779578\" data-element_type=\"container\" data-settings=\"{&quot;background_background&quot;:&quot;classic&quot;}\">\n\t\t<div class=\"elementor-element elementor-element-ef835eb e-con-full e-flex e-con e-child\" data-id=\"ef835eb\" data-element_type=\"container\">\n\t\t<div class=\"elementor-element elementor-element-5b375d6 e-con-full e-flex e-con e-child\" data-id=\"5b375d6\" data-element_type=\"container\">\n\t\t\t\t<div class=\"elementor-element elementor-element-7a20a4c elementor-widget elementor-widget-text-editor\" data-id=\"7a20a4c\" data-element_type=\"widget\" data-widget_type=\"text-editor.default\">\n\t\t\t\t<div class=\"elementor-widget-container\">\n\t\t\t\t\t\t\t\t\t<div class=\"ql-align-justify\">\n<div class=\"ql-align-justify translation-block\">N\u00f3s, da WM Shipping Services Ltda nome fantasia WM Shipping Services, inscritos no CNPJ 47.421.709\/0001-24, estamos comprometidos em resguardar sua privacidade. O intuito deste documento \u00e9 esclarecer quais informa\u00e7\u00f5es s\u00e3o coletadas dos usu\u00e1rios de nosso site (https:\/\/wmshippingservices.com.br\/) e de que forma esses dados s\u00e3o manipulados e utilizados de acordo com a Lei Geral de Prote\u00e7\u00e3o de Dados \u2013 LGPD (lei n. 13.709\/2018).<\/div>\n<div class=\"ql-align-justify\">\u00a0<\/div>\n<div class=\"ql-align-justify\">Atuamos como Operadora (art. 5\u00ba, inciso VII, da LGPD) e promovemos o tratamento de dados pessoais por conta e ordem do Controlador (art. 5\u00ba, inciso VI, da LGPD), quando necess\u00e1rio para a execu\u00e7\u00e3o de contrato (art. 7\u00ba, inciso V, da LGPD).<\/div>\n<div class=\"ql-align-justify\">\u00a0<\/div>\n<div class=\"ql-align-justify translation-block\">Para oferecer nosso portf\u00f3lio de servi\u00e7os, a WM Shipping Services Ltda nome fantasia WM Shipping Services por meio de seu site, do equipamento instalado ou em utiliza\u00e7\u00e3o e dos dispositivos sincronizados com ele, coleta diversos dados e informa\u00e7\u00f5es, visando, sobretudo, proporcionar uma experi\u00eancia cada vez melhor para voc\u00ea. Por isso, nossa Pol\u00edtica de Privacidade tem como objetivo detalhar como as suas informa\u00e7\u00f5es e dados ser\u00e3o coletados, usados, compartilhados e armazenados por meio do nosso site e dos nossos respectivos servi\u00e7os.<\/div>\n<div class=\"ql-align-justify\">\u00a0<\/div>\n<div class=\"ql-align-justify\">Este documento foi redigido de forma simples para que todas as informa\u00e7\u00f5es contidas aqui sejam de f\u00e1cil compreens\u00e3o e, assim, voc\u00ea entenda como utilizamos os seus dados.<\/div>\n<div class=\"ql-align-justify\">\u00a0<\/div>\n<div class=\"ql-align-justify\">A aceita\u00e7\u00e3o da nossa Pol\u00edtica de Privacidade ser\u00e1 feita quando voc\u00ea navega pelo nosso site para usufruir dos nossos servi\u00e7os, mesmo que de forma gratuita. Isso indicar\u00e1 que voc\u00ea est\u00e1 ciente e em total acordo com a forma como utilizaremos as suas informa\u00e7\u00f5es e seus dados.<\/div>\n<div class=\"ql-align-justify\">\u00a0<\/div>\n<div class=\"ql-align-justify\">Caso n\u00e3o concorde com esta Pol\u00edtica de Privacidade, por favor, n\u00e3o continue a navegar e n\u00e3o use os nossos servi\u00e7os. Todavia, solicitamos que nos informe os pontos de discord\u00e2ncia para que possamos realizar melhorias.<\/div>\n<div class=\"ql-align-justify\">\u00a0<\/div>\n<div class=\"ql-align-justify\">A presente Pol\u00edtica de Privacidade est\u00e1 dividida da seguinte forma para facilitar a sua compreens\u00e3o:<\/div>\n<div class=\"ql-align-justify\">\u00a0<\/div>\n<div class=\"ql-align-justify\">\u2013 Sobre a coleta de dados;<\/div>\n<div class=\"ql-align-justify\">\u2013 Sobre o uso de seus dados pessoais;<\/div>\n<div class=\"ql-align-justify\">\u2013 Sobre o acesso aos seus dados pessoais;<\/div>\n<div class=\"ql-align-justify\">\u2013 Sobre o compartilhamento de dados;<\/div>\n<div class=\"ql-align-justify\">\u2013 Sobre o uso de informa\u00e7\u00f5es fornecidas a nossos clientes;<\/div>\n<div class=\"ql-align-justify\">\u2013 Sobre o cancelamento da assinatura e altera\u00e7\u00e3o\/exclus\u00e3o de informa\u00e7\u00f5es pessoais;<\/div>\n<div class=\"ql-align-justify\">\u2013 Mudan\u00e7as na Pol\u00edtica de Privacidade;<\/div>\n<div class=\"ql-align-justify\">\u2013 Lei Aplic\u00e1vel.<\/div>\n<div class=\"ql-align-justify\">\u00a0<\/div>\n<div class=\"ql-align-justify\">Qualquer d\u00favida em rela\u00e7\u00e3o \u00e0 nossa Pol\u00edtica de Privacidade pode ser esclarecida entrando em contato conosco.<\/div>\n<div class=\"ql-align-justify\">\u00a0<\/div>\n<div class=\"ql-align-justify translation-block\">Envie um e-mail para walter@wmshippingservices.com.br.<\/div>\n<div class=\"ql-align-justify\">\u00a0<\/div>\n<div class=\"ql-align-justify\">Estamos localizados na Avenida Doutor Pedro Lessa, 2850, cj. 22, bairro Aparecida, Santos\/SP, CEP 11025-002 \u2013 Brasil.<\/div>\n<div class=\"ql-align-justify\">\u00a0<\/div>\n<div class=\"ql-align-justify\">\u00a0<\/div>\n<div class=\"ql-align-justify\"><strong>1. Sobre a Coleta de Dados<\/strong><\/div>\n<div class=\"ql-align-justify\">\u00a0<\/div>\n<div class=\"ql-align-justify translation-block\">Informa\u00e7\u00f5es fornecidas por voc\u00ea \u2013 Coletamos informa\u00e7\u00f5es de identifica\u00e7\u00e3o pessoal \u2013 como nome, telefone e e-mail \u2013 via preenchimento dos formul\u00e1rios para enviar contato ou receber o resultado de um teste. Eventualmente, a solicita\u00e7\u00e3o de algumas informa\u00e7\u00f5es pode ser feita por meio de contato direto da WM Shipping Services Ltda nome fantasia WM Shipping Services com os usu\u00e1rios via e-mail ou telefone.<\/div>\n<div class=\"ql-align-justify\">\u00a0<\/div>\n<div class=\"ql-align-justify\">Informa\u00e7\u00f5es de navega\u00e7\u00e3o no site \u2013 Quando voc\u00ea visita nosso site, \u00e9 inserido um \u2018cookie\u2019 no seu navegador por meio do software Google Analytics para identificar quantas vezes voc\u00ea retorna ao nosso endere\u00e7o eletr\u00f4nico. S\u00e3o coletadas informa\u00e7\u00f5es como endere\u00e7o IP, localiza\u00e7\u00e3o geogr\u00e1fica, fonte de refer\u00eancia, tipo de navegador, dura\u00e7\u00e3o da visita e p\u00e1ginas visitadas.<\/div>\n<div class=\"ql-align-justify\">\u00a0<\/div>\n<div class=\"ql-align-justify translation-block\">Hist\u00f3rico de contato \u2013 Aqui na WM Shipping Services Ltda nome fantasia WM Shipping Services armazenamos informa\u00e7\u00f5es a respeito de todos os contatos j\u00e1 realizados com nossos usu\u00e1rios e intera\u00e7\u00f5es via e-mail e WhatsApp.<\/div>\n<div class=\"ql-align-justify\">\u00a0<\/div>\n<div class=\"ql-align-justify\">\u00a0<\/div>\n<div class=\"ql-align-justify\"><strong>2. Sobre o Uso de Seus Dados Pessoais<\/strong><\/div>\n<div class=\"ql-align-justify\">\u00a0<\/div>\n<div class=\"ql-align-justify\">Todos os dados que coletamos s\u00e3o utilizados para a presta\u00e7\u00e3o de nossos servi\u00e7os, e n\u00e3o custa lembrar: prezamos muito pela sua privacidade. Por isso, todos os dados e informa\u00e7\u00f5es sobre voc\u00ea s\u00e3o tratados como confidenciais, e somente os usaremos para os fins aqui descritos e autorizados por voc\u00ea, principalmente para que voc\u00ea possa utilizar nossos servi\u00e7os de forma plena, visando sempre melhorar a sua experi\u00eancia como usu\u00e1rio. Desta forma, poderemos personalizar o servi\u00e7o para adequ\u00e1-lo cada vez mais aos seus gostos e interesses. Ademais, seus dados tamb\u00e9m podem ser utilizados para criarmos servi\u00e7os e funcionalidades.<\/div>\n<div class=\"ql-align-justify\">\u00a0<\/div>\n<div class=\"ql-align-justify\">Eventualmente, poderemos utilizar dados para finalidades n\u00e3o previstas nesta Pol\u00edtica de Privacidade, mas elas estar\u00e3o dentro das suas leg\u00edtimas expectativas. O eventual uso dos seus dados para finalidades que n\u00e3o cumpram com essa prerrogativa ser\u00e1 feito mediante sua autoriza\u00e7\u00e3o pr\u00e9via.<\/div>\n<div class=\"ql-align-justify\">\u00a0<\/div>\n<div class=\"ql-align-justify\">Al\u00e9m do acima, utilizaremos seus dados para as seguintes finalidades:<\/div>\n<div class=\"ql-align-justify\">\u00a0<\/div>\n<div class=\"ql-align-justify translation-block\">\u2013 Seu e-mail \u00e9 utilizado para a opera\u00e7\u00e3o de envio do material ou informativo\/informa\u00e7\u00e3o por voc\u00ea requisitado no preenchimento do formul\u00e1rio. Tamb\u00e9m pode ser usado para envio de Newsletters, sempre relacionadas ao tema do nosso site. O e-mail ser\u00e1 aproveitado, ainda, para comunicar o lan\u00e7amento de novos materiais gratuitos ou de novos servi\u00e7os da WM Shipping Services Ltda nome fantasia WM Shipping Services e parceiros. No entanto, o usu\u00e1rio tem a possibilidade de cancelar a assinatura a qualquer momento;<\/div>\n<div class=\"ql-align-justify\">\u00a0<\/div>\n<div class=\"ql-align-justify\">\u00a0<\/div>\n<div class=\"ql-align-justify\"><strong>3. Sobre o Acesso aos Seus Dados Pessoais<\/strong><\/div>\n<div class=\"ql-align-justify\">\u00a0<\/div>\n<div class=\"ql-align-justify translation-block\">Poder\u00e3o ver suas informa\u00e7\u00f5es pessoais apenas funcion\u00e1rios da WM Shipping Services Ltda nome fantasia WM Shipping Services, e dentre estes, somente as pessoas com as devidas autoriza\u00e7\u00f5es. Eventualmente, caso a inser\u00e7\u00e3o de suas informa\u00e7\u00f5es se d\u00ea em a\u00e7\u00f5es criadas em parcerias, os parceiros explicitamente identificados tamb\u00e9m ter\u00e3o acesso \u00e0 informa\u00e7\u00e3o. Nenhum dado pessoal poder\u00e1 ser divulgado publicamente.<\/div>\n<div class=\"ql-align-justify\">\u00a0<\/div>\n<div class=\"ql-align-justify translation-block\">Todos os seus dados s\u00e3o confidenciais e qualquer usos destes estar\u00e1 de acordo com a presente Pol\u00edtica de Privacidade. A WM Shipping Services Ltda nome fantasia WM Shipping Services empreender\u00e1 todos os esfor\u00e7os razo\u00e1veis de mercado para garantir a seguran\u00e7a dos nossos sistemas e dos seus dados.<\/div>\n<div class=\"ql-align-justify\">\u00a0<\/div>\n<div class=\"ql-align-justify translation-block\">Todas as suas informa\u00e7\u00f5es ser\u00e3o, sempre que poss\u00edvel, criptografadas, caso n\u00e3o inviabilizem o seu uso pela WM Shipping Services Ltda nome fantasia WM Shipping Services. A qualquer momento voc\u00ea poder\u00e1 requisitar c\u00f3pia dos seus dados armazenados em nossos sistemas. Manteremos os dados e informa\u00e7\u00f5es somente at\u00e9 quando forem necess\u00e1rios ou relevantes para as finalidades descritas nesta Pol\u00edtica de Privacidade, ou em caso de per\u00edodos pr\u00e9-determinados por lei, ou at\u00e9 quando forem necess\u00e1rios para a manuten\u00e7\u00e3o de interesses leg\u00edtimos da WM Shipping Services Ltda nome fantasia WM Shipping Services.<\/div>\n<div class=\"ql-align-justify\">\u00a0<\/div>\n<div class=\"ql-align-justify\">\u00a0<\/div>\n<div class=\"ql-align-justify\"><strong>4. Sobre o Compartilhamento de Dados<\/strong><\/div>\n<div class=\"ql-align-justify\">\u00a0<\/div>\n<div class=\"ql-align-justify translation-block\">Ao clicar nos bot\u00f5es de compartilhamento de conte\u00fado nas redes sociais dispon\u00edveis em nossas p\u00e1ginas, o usu\u00e1rio publicar\u00e1 o conte\u00fado por meio de seu perfil na rede selecionada. WM Shipping Services Ltda nome fantasia WM Shipping Services n\u00e3o tem acesso ao login e senha dos usu\u00e1rios nessas redes, nem publicar\u00e1 conte\u00fado em nome do usu\u00e1rio sem que ele realize esta a\u00e7\u00e3o.<\/div>\n<div class=\"ql-align-justify\">\u00a0<\/div>\n<div class=\"ql-align-justify translation-block\">Todos os dados, informa\u00e7\u00f5es e conte\u00fados sobre voc\u00ea podem ser considerados ativos no caso de negocia\u00e7\u00f5es em que a WM Shipping Services Ltda nome fantasia WM Shipping Services fizer parte. Portanto, nos reservamos no direito de incluir seus dados dentre os ativos da empresa caso esta venha a ser vendida, adquirida ou fundida com outra. Por meio desta Pol\u00edtica voc\u00ea concorda e est\u00e1 ciente desta possibilidade.<\/div>\n<div class=\"ql-align-justify\">\u00a0<\/div>\n<div class=\"ql-align-justify translation-block\">A WM Shipping Services Ltda nome fantasia WM Shipping Services se reserva no direito de fornecer seus dados e informa\u00e7\u00f5es sobre voc\u00ea, incluindo intera\u00e7\u00f5es suas, caso seja requisitado judicialmente para tanto, ato necess\u00e1rio para que a empresa esteja em conformidade com as leis nacionais, ou caso voc\u00ea autorize expressamente.<\/div>\n<div class=\"ql-align-justify\">\u00a0<\/div>\n<div class=\"ql-align-justify\">\u00a0<\/div>\n<div class=\"ql-align-justify\"><strong>5. Sobre a Altera\u00e7\u00e3o ou Exclus\u00e3o de Informa\u00e7\u00f5es Pessoais<\/strong><\/div>\n<div class=\"ql-align-justify\">\u00a0<\/div>\n<div class=\"ql-align-justify translation-block\">Todos os dados coletados ser\u00e3o exclu\u00eddos de nossos servidores quando voc\u00ea assim requisitar ou quando estes n\u00e3o forem mais necess\u00e1rios ou relevantes para lhe oferecermos os nossos servi\u00e7os, salvo se houver qualquer outra raz\u00e3o para a sua manuten\u00e7\u00e3o, como eventual obriga\u00e7\u00e3o legal de reten\u00e7\u00e3o de dados ou necessidade de preserva\u00e7\u00e3o destes para resguardo de direitos da WM Shipping Services Ltda nome fantasia WM Shipping Services. Para alterar suas informa\u00e7\u00f5es pessoais ou exclu\u00ed-las do nosso banco de dados, basta enviar um e-mail para walter@wmshippingservices.com.br.<\/div>\n<div class=\"ql-align-justify\">\u00a0<\/div>\n<div class=\"ql-align-justify\">\u00a0<\/div>\n<div class=\"ql-align-justify\"><strong>6. Mudan\u00e7as na Pol\u00edtica de Privacidade<\/strong><\/div>\n<div class=\"ql-align-justify\">\u00a0<\/div>\n<div class=\"ql-align-justify\">Essa Pol\u00edtica de Privacidade pode passar por atualiza\u00e7\u00f5es. Desta forma, recomendamos visitar periodicamente esta p\u00e1gina para que voc\u00ea tenha conhecimento sobre as modifica\u00e7\u00f5es. Caso sejam feitas altera\u00e7\u00f5es relevantes que ensejem novas autoriza\u00e7\u00f5es suas, publicaremos uma nova pol\u00edtica de privacidade. Antes de usar informa\u00e7\u00f5es para outros fins que n\u00e3o os definidos nesta Pol\u00edtica de Privacidade, solicitaremos sua autoriza\u00e7\u00e3o.<\/div>\n<div class=\"ql-align-justify\">\u00a0<\/div>\n<div class=\"ql-align-justify\">\u00a0<\/div>\n<div class=\"ql-align-justify\"><strong>7. Lei Aplic\u00e1vel<\/strong><\/div>\n<div class=\"ql-align-justify\">\u00a0<\/div>\n<div class=\"ql-align-justify\">Este documento \u00e9 regido e deve ser interpretado de acordo com as leis da Rep\u00fablica Federativa do Brasil. Fica eleito o Foro da Comarca da cidade de Santos \u2013 SP, como o competente para dirimir quaisquer quest\u00f5es porventura oriundas do presente documento, com expressa ren\u00fancia a qualquer outro, por mais privilegiado que seja.<\/div>\n<\/div>\t\t\t\t\t\t\t\t<\/div>\n\t\t\t\t<\/div>\n\t\t\t\t<\/div>\n\t\t\t\t<\/div>\n\t\t\t\t<\/div>\n\t\t\t\t<\/div>","protected":false},"excerpt":{"rendered":"<p>Privacy Policy Home \/ Privacy Policy We, at WM Shipping Services Ltda., trade name WM Shipping Services, registered with CNPJ\/MF CNPJ 47.421.709\/0001-24, are committed to safeguarding your privacy. The purpose of this document is to clarify what information is collected from users of our website (https:\/\/wmshippingservices.com.br\/) and how this data is handled and used in [&hellip;]<\/p>","protected":false},"author":1,"featured_media":0,"parent":0,"menu_order":0,"comment_status":"closed","ping_status":"closed","template":"elementor_header_footer","meta":{"footnotes":""},"class_list":["post-3","page","type-page","status-publish","hentry"],"_links":{"self":[{"href":"https:\/\/wmshippingservices.com.br\/pt\/wp-json\/wp\/v2\/pages\/3","targetHints":{"allow":["GET"]}}],"collection":[{"href":"https:\/\/wmshippingservices.com.br\/pt\/wp-json\/wp\/v2\/pages"}],"about":[{"href":"https:\/\/wmshippingservices.com.br\/pt\/wp-json\/wp\/v2\/types\/page"}],"author":[{"embeddable":true,"href":"https:\/\/wmshippingservices.com.br\/pt\/wp-json\/wp\/v2\/users\/1"}],"replies":[{"embeddable":true,"href":"https:\/\/wmshippingservices.com.br\/pt\/wp-json\/wp\/v2\/comments?post=3"}],"version-history":[{"count":13,"href":"https:\/\/wmshippingservices.com.br\/pt\/wp-json\/wp\/v2\/pages\/3\/revisions"}],"predecessor-version":[{"id":1327,"href":"https:\/\/wmshippingservices.com.br\/pt\/wp-json\/wp\/v2\/pages\/3\/revisions\/1327"}],"wp:attachment":[{"href":"https:\/\/wmshippingservices.com.br\/pt\/wp-json\/wp\/v2\/media?parent=3"}],"curies":[{"name":"wp","href":"https:\/\/api.w.org\/{rel}","templated":true}]}}