{"id":453,"date":"2025-06-02T12:45:22","date_gmt":"2025-06-02T12:45:22","guid":{"rendered":"https:\/\/wmshippingservices.com.br\/?page_id=453"},"modified":"2026-02-23T19:04:32","modified_gmt":"2026-02-23T19:04:32","slug":"servicos","status":"publish","type":"page","link":"https:\/\/wmshippingservices.com.br\/pt\/servicos\/","title":{"rendered":"Servi\u00e7os"},"content":{"rendered":"<div data-elementor-type=\"wp-page\" data-elementor-id=\"453\" class=\"elementor elementor-453\" data-elementor-post-type=\"page\">\n\t\t\t\t<div class=\"elementor-element elementor-element-79c4565 e-con-full e-flex e-con e-parent\" data-id=\"79c4565\" data-element_type=\"container\" data-settings=\"{&quot;background_background&quot;:&quot;classic&quot;}\">\n\t\t\t\t<div class=\"elementor-element elementor-element-ba99ace elementor-widget elementor-widget-heading\" data-id=\"ba99ace\" data-element_type=\"widget\" data-widget_type=\"heading.default\">\n\t\t\t\t<div class=\"elementor-widget-container\">\n\t\t\t\t\t<h2 class=\"elementor-heading-title elementor-size-default\">Servi\u00e7os<\/h2>\t\t\t\t<\/div>\n\t\t\t\t<\/div>\n\t\t\t\t<div class=\"elementor-element elementor-element-53db7d2 elementor-widget elementor-widget-text-editor\" data-id=\"53db7d2\" data-element_type=\"widget\" data-widget_type=\"text-editor.default\">\n\t\t\t\t<div class=\"elementor-widget-container\">\n\t\t\t\t\t\t\t\t\t<p class=\"translation-block\"><a class=\"other\" href=\"\/pt\/\">Home<\/a> \/ Servi\u00e7os<\/p>\t\t\t\t\t\t\t\t<\/div>\n\t\t\t\t<\/div>\n\t\t\t\t<\/div>\n\t\t<div class=\"elementor-element elementor-element-6f279c7 e-con-full e-flex e-con e-parent\" data-id=\"6f279c7\" data-element_type=\"container\" id=\"trocadetripula\u00e7\u00e3o\" data-settings=\"{&quot;background_background&quot;:&quot;classic&quot;}\">\n\t\t<div class=\"elementor-element elementor-element-cec7e1f e-con-full e-flex e-con e-child\" data-id=\"cec7e1f\" data-element_type=\"container\">\n\t\t<div class=\"elementor-element elementor-element-18defee e-con-full e-flex e-con e-child\" data-id=\"18defee\" data-element_type=\"container\">\n\t\t\t\t<div class=\"elementor-element elementor-element-1b083b9 elementor-widget elementor-widget-heading\" data-id=\"1b083b9\" data-element_type=\"widget\" data-widget_type=\"heading.default\">\n\t\t\t\t<div class=\"elementor-widget-container\">\n\t\t\t\t\t<h2 class=\"elementor-heading-title elementor-size-default\">Troca de Tripula\u00e7\u00e3o\n<\/h2>\t\t\t\t<\/div>\n\t\t\t\t<\/div>\n\t\t\t\t<div class=\"elementor-element elementor-element-ede8e5d elementor-widget elementor-widget-heading\" data-id=\"ede8e5d\" data-element_type=\"widget\" data-widget_type=\"heading.default\">\n\t\t\t\t<div class=\"elementor-widget-container\">\n\t\t\t\t\t<h2 class=\"elementor-heading-title elementor-size-default\">A troca de tripula\u00e7\u00e3o \u00e9 uma opera\u00e7\u00e3o cr\u00edtica para o bom funcionamento das embarca\u00e7\u00f5es e deve ser realizada de forma \u00e1gil e dentro das normativas internacionais de sa\u00fade, seguran\u00e7a e respeito ao meio ambiente. Na WM Shipping Services, garantimos que cada troca de tripulante seja realizada com total efici\u00eancia, minimizando o tempo de inatividade do navio. Nosso processo envolve a coordena\u00e7\u00e3o entre as autoridades portu\u00e1rias, ag\u00eancias de imigra\u00e7\u00e3o e agentes mar\u00edtimos, assegurando que todas as formalidades sejam atendidas rapidamente. Al\u00e9m disso, oferecemos suporte em todos os portos, com uma equipe especializada dispon\u00edvel 24\/7, pronta para intervir em qualquer situa\u00e7\u00e3o.<\/h2>\t\t\t\t<\/div>\n\t\t\t\t<\/div>\n\t\t\t\t<div class=\"elementor-element elementor-element-e0b1142 elementor-widget elementor-widget-heading\" data-id=\"e0b1142\" data-element_type=\"widget\" data-widget_type=\"heading.default\">\n\t\t\t\t<div class=\"elementor-widget-container\">\n\t\t\t\t\t<h2 class=\"elementor-heading-title elementor-size-default\">Confie na WM Shipping Services para garantir a continuidade das opera\u00e7\u00f5es da sua frota com total conformidade e seguran\u00e7a.<\/h2>\t\t\t\t<\/div>\n\t\t\t\t<\/div>\n\t\t\t\t<\/div>\n\t\t<div class=\"elementor-element elementor-element-4f6e1c8 e-con-full e-flex e-con e-child\" data-id=\"4f6e1c8\" data-element_type=\"container\" data-settings=\"{&quot;background_background&quot;:&quot;classic&quot;}\">\n\t\t\t\t<\/div>\n\t\t\t\t<\/div>\n\t\t\t\t<\/div>\n\t\t<div class=\"elementor-element elementor-element-e5df8de e-con-full e-flex e-con e-parent\" data-id=\"e5df8de\" data-element_type=\"container\" id=\"coleta\" data-settings=\"{&quot;background_background&quot;:&quot;classic&quot;}\">\n\t\t<div class=\"elementor-element elementor-element-c088429 e-con-full e-flex e-con e-child\" data-id=\"c088429\" data-element_type=\"container\">\n\t\t<div class=\"elementor-element elementor-element-ce0d19d e-con-full e-flex e-con e-child\" data-id=\"ce0d19d\" data-element_type=\"container\" data-settings=\"{&quot;background_background&quot;:&quot;classic&quot;}\">\n\t\t\t\t<\/div>\n\t\t<div class=\"elementor-element elementor-element-1517b63 e-con-full e-flex e-con e-child\" data-id=\"1517b63\" data-element_type=\"container\">\n\t\t\t\t<div class=\"elementor-element elementor-element-a7f940f elementor-widget elementor-widget-heading\" data-id=\"a7f940f\" data-element_type=\"widget\" data-widget_type=\"heading.default\">\n\t\t\t\t<div class=\"elementor-widget-container\">\n\t\t\t\t\t<h2 class=\"elementor-heading-title elementor-size-default\">Coleta e Entrega de Correspond\u00eancias\n<\/h2>\t\t\t\t<\/div>\n\t\t\t\t<\/div>\n\t\t\t\t<div class=\"elementor-element elementor-element-30600b0 elementor-widget elementor-widget-heading\" data-id=\"30600b0\" data-element_type=\"widget\" data-widget_type=\"heading.default\">\n\t\t\t\t<div class=\"elementor-widget-container\">\n\t\t\t\t\t<h2 class=\"elementor-heading-title elementor-size-default\">A coleta e entrega de correspond\u00eancias \u00e9 um servi\u00e7o vital para o gerenciamento dos navios. Com a WM Shipping Services, garantimos um processo log\u00edstico eficiente e \u00e1gil, que mitiga o tempo de inatividade do seu navio. Nossos profissionais s\u00e3o altamente qualificados para coordenar e garantir que a cada coleta, envio e entrega de correspond\u00eancias seja efetuada no tempo estipulado.\n<\/h2>\t\t\t\t<\/div>\n\t\t\t\t<\/div>\n\t\t\t\t<div class=\"elementor-element elementor-element-b73ab5b elementor-widget elementor-widget-heading\" data-id=\"b73ab5b\" data-element_type=\"widget\" data-widget_type=\"heading.default\">\n\t\t\t\t<div class=\"elementor-widget-container\">\n\t\t\t\t\t<h2 class=\"elementor-heading-title elementor-size-default\">Escolha a WM Shipping Services para uma log\u00edstica sem falhas e com suporte completo.\n<\/h2>\t\t\t\t<\/div>\n\t\t\t\t<\/div>\n\t\t\t\t<\/div>\n\t\t\t\t<\/div>\n\t\t\t\t<\/div>\n\t\t<div class=\"elementor-element elementor-element-ab73688 e-con-full e-flex e-con e-parent\" data-id=\"ab73688\" data-element_type=\"container\" id=\"livre\" data-settings=\"{&quot;background_background&quot;:&quot;classic&quot;}\">\n\t\t<div class=\"elementor-element elementor-element-d7879c3 e-con-full e-flex e-con e-child\" data-id=\"d7879c3\" data-element_type=\"container\">\n\t\t<div class=\"elementor-element elementor-element-77a1a41 e-con-full e-flex e-con e-child\" data-id=\"77a1a41\" data-element_type=\"container\">\n\t\t\t\t<div class=\"elementor-element elementor-element-958f9c6 elementor-widget elementor-widget-heading\" data-id=\"958f9c6\" data-element_type=\"widget\" data-widget_type=\"heading.default\">\n\t\t\t\t<div class=\"elementor-widget-container\">\n\t\t\t\t\t<h2 class=\"elementor-heading-title elementor-size-default\">Livre Pr\u00e1tica e Renova\u00e7\u00e3o do SSCEC\n<\/h2>\t\t\t\t<\/div>\n\t\t\t\t<\/div>\n\t\t\t\t<div class=\"elementor-element elementor-element-2265338 elementor-widget elementor-widget-heading\" data-id=\"2265338\" data-element_type=\"widget\" data-widget_type=\"heading.default\">\n\t\t\t\t<div class=\"elementor-widget-container\">\n\t\t\t\t\t<h2 class=\"elementor-heading-title elementor-size-default\">A Livre Pr\u00e1tica e a renova\u00e7\u00e3o do SSCEC s\u00e3o processos fundamentais para garantir que sua embarca\u00e7\u00e3o e tripula\u00e7\u00e3o estejam em total conformidade com as normas internacionais de seguran\u00e7a e opera\u00e7\u00e3o. Na WM Shipping Services, oferecemos um servi\u00e7o especializado para a renova\u00e7\u00e3o e atualiza\u00e7\u00e3o do Certificado de Compet\u00eancia de Tripula\u00e7\u00e3o (SSCEC), com assessoria completa para garantir a conformidade dos tripulantes com as exig\u00eancias das ag\u00eancias internacionais e Anvisa. Nossa equipe de especialistas acompanha todas as etapas, desde a documenta\u00e7\u00e3o at\u00e9 a realiza\u00e7\u00e3o, para garantir que o processo ocorra de maneira transparente, eficiente e sem custos adicionais.<\/h2>\t\t\t\t<\/div>\n\t\t\t\t<\/div>\n\t\t\t\t<div class=\"elementor-element elementor-element-0141d96 elementor-widget elementor-widget-heading\" data-id=\"0141d96\" data-element_type=\"widget\" data-widget_type=\"heading.default\">\n\t\t\t\t<div class=\"elementor-widget-container\">\n\t\t\t\t\t<h2 class=\"elementor-heading-title elementor-size-default\">Confie na WM Shipping Services para a renova\u00e7\u00e3o e manuten\u00e7\u00e3o de todos os certificados essenciais ao bom funcionamento da sua embarca\u00e7\u00e3o.\n<\/h2>\t\t\t\t<\/div>\n\t\t\t\t<\/div>\n\t\t\t\t<\/div>\n\t\t<div class=\"elementor-element elementor-element-2d87881 e-con-full e-flex e-con e-child\" data-id=\"2d87881\" data-element_type=\"container\" data-settings=\"{&quot;background_background&quot;:&quot;classic&quot;}\">\n\t\t\t\t<\/div>\n\t\t\t\t<\/div>\n\t\t\t\t<\/div>\n\t\t<div class=\"elementor-element elementor-element-b36b2f6 e-con-full e-flex e-con e-parent\" data-id=\"b36b2f6\" data-element_type=\"container\" id=\"descarte\" data-settings=\"{&quot;background_background&quot;:&quot;classic&quot;}\">\n\t\t<div class=\"elementor-element elementor-element-b858cf8 e-con-full e-flex e-con e-child\" data-id=\"b858cf8\" data-element_type=\"container\">\n\t\t<div class=\"elementor-element elementor-element-8dc7690 e-con-full e-flex e-con e-child\" data-id=\"8dc7690\" data-element_type=\"container\" data-settings=\"{&quot;background_background&quot;:&quot;classic&quot;}\">\n\t\t\t\t<\/div>\n\t\t<div class=\"elementor-element elementor-element-6c3024b e-con-full e-flex e-con e-child\" data-id=\"6c3024b\" data-element_type=\"container\">\n\t\t\t\t<div class=\"elementor-element elementor-element-87dafac elementor-widget elementor-widget-heading\" data-id=\"87dafac\" data-element_type=\"widget\" data-widget_type=\"heading.default\">\n\t\t\t\t<div class=\"elementor-widget-container\">\n\t\t\t\t\t<h2 class=\"elementor-heading-title elementor-size-default\">Descarte e Remo\u00e7\u00e3o de Lixo e Borra de \u00d3leo do Navio<\/h2>\t\t\t\t<\/div>\n\t\t\t\t<\/div>\n\t\t\t\t<div class=\"elementor-element elementor-element-42d2c15 elementor-widget elementor-widget-heading\" data-id=\"42d2c15\" data-element_type=\"widget\" data-widget_type=\"heading.default\">\n\t\t\t\t<div class=\"elementor-widget-container\">\n\t\t\t\t\t<h2 class=\"elementor-heading-title elementor-size-default\">A gest\u00e3o adequada de res\u00edduos \u00e9 fundamental para garantir a sustentabilidade ambiental no transporte mar\u00edtimo. A remo\u00e7\u00e3o de lixo e borra de \u00f3leo do navio pela WM Shipping Services segue rigorosos protocolos ambientais, assegurando que todas as disposi\u00e7\u00f5es de res\u00edduos sejam realizadas de acordo com as normativas internacionais, como MARPOL (Conven\u00e7\u00e3o Internacional para a Preven\u00e7\u00e3o da Polui\u00e7\u00e3o por Navios). Nossa equipe \u00e9 treinada para realizar a remo\u00e7\u00e3o de res\u00edduos de forma eficiente, utilizando tecnologia de ponta para a coleta e descarte seguro, reduzindo riscos ambientais e assegurando o cumprimento das regulamenta\u00e7\u00f5es locais e internacionais.<\/h2>\t\t\t\t<\/div>\n\t\t\t\t<\/div>\n\t\t\t\t<div class=\"elementor-element elementor-element-b6cf2ee elementor-widget elementor-widget-heading\" data-id=\"b6cf2ee\" data-element_type=\"widget\" data-widget_type=\"heading.default\">\n\t\t\t\t<div class=\"elementor-widget-container\">\n\t\t\t\t\t<h2 class=\"elementor-heading-title elementor-size-default\">Garanta a sustentabilidade da sua frota com o servi\u00e7o especializado da WM Shipping Services.<\/h2>\t\t\t\t<\/div>\n\t\t\t\t<\/div>\n\t\t\t\t<\/div>\n\t\t\t\t<\/div>\n\t\t\t\t<\/div>\n\t\t<div class=\"elementor-element elementor-element-3c877fb e-con-full e-flex e-con e-parent\" data-id=\"3c877fb\" data-element_type=\"container\" id=\"limpeza\" data-settings=\"{&quot;background_background&quot;:&quot;classic&quot;}\">\n\t\t<div class=\"elementor-element elementor-element-2922cc7 e-con-full e-flex e-con e-child\" data-id=\"2922cc7\" data-element_type=\"container\">\n\t\t<div class=\"elementor-element elementor-element-d1c0398 e-con-full e-flex e-con e-child\" data-id=\"d1c0398\" data-element_type=\"container\">\n\t\t\t\t<div class=\"elementor-element elementor-element-48d1a76 elementor-widget elementor-widget-heading\" data-id=\"48d1a76\" data-element_type=\"widget\" data-widget_type=\"heading.default\">\n\t\t\t\t<div class=\"elementor-widget-container\">\n\t\t\t\t\t<h2 class=\"elementor-heading-title elementor-size-default\">Limpeza de Por\u00f5es\n<\/h2>\t\t\t\t<\/div>\n\t\t\t\t<\/div>\n\t\t\t\t<div class=\"elementor-element elementor-element-bc54144 elementor-widget elementor-widget-heading\" data-id=\"bc54144\" data-element_type=\"widget\" data-widget_type=\"heading.default\">\n\t\t\t\t<div class=\"elementor-widget-container\">\n\t\t\t\t\t<h2 class=\"elementor-heading-title elementor-size-default\">\nA limpeza de por\u00f5es \u00e9 essencial n\u00e3o apenas para a preserva\u00e7\u00e3o das condi\u00e7\u00f5es de carga, mas tamb\u00e9m para a sa\u00fade e seguran\u00e7a a bordo. Na WM Shipping Services, oferecemos uma limpeza especializada e t\u00e9cnica de por\u00f5es de carga, utilizando equipamentos modernos e seguindo as diretrizes ambientais internacionais. Nosso processo abrange a remo\u00e7\u00e3o de res\u00edduos s\u00f3lidos, l\u00edquidos e subst\u00e2ncias perigosas, utilizando t\u00e9cnicas avan\u00e7adas para higienizar e desinfetar os por\u00f5es, prevenindo contamina\u00e7\u00f5es e garantindo a integridade da carga. Al\u00e9m disso, oferecemos a verifica\u00e7\u00e3o de poss\u00edveis danos estruturais durante a limpeza, proporcionando uma manuten\u00e7\u00e3o preventiva.<\/h2>\t\t\t\t<\/div>\n\t\t\t\t<\/div>\n\t\t\t\t<div class=\"elementor-element elementor-element-841732e elementor-widget elementor-widget-heading\" data-id=\"841732e\" data-element_type=\"widget\" data-widget_type=\"heading.default\">\n\t\t\t\t<div class=\"elementor-widget-container\">\n\t\t\t\t\t<h2 class=\"elementor-heading-title elementor-size-default\">Mantenha seus por\u00f5es operacionais e seguros com a WM Shipping Services.<\/h2>\t\t\t\t<\/div>\n\t\t\t\t<\/div>\n\t\t\t\t<\/div>\n\t\t<div class=\"elementor-element elementor-element-ea774ba e-con-full e-flex e-con e-child\" data-id=\"ea774ba\" data-element_type=\"container\" data-settings=\"{&quot;background_background&quot;:&quot;classic&quot;}\">\n\t\t\t\t<\/div>\n\t\t\t\t<\/div>\n\t\t\t\t<\/div>\n\t\t<div class=\"elementor-element elementor-element-f29dc1f e-con-full e-flex e-con e-parent\" data-id=\"f29dc1f\" data-element_type=\"container\" id=\"inspecao\" data-settings=\"{&quot;background_background&quot;:&quot;classic&quot;}\">\n\t\t<div class=\"elementor-element elementor-element-a32781d e-con-full e-flex e-con e-child\" data-id=\"a32781d\" data-element_type=\"container\">\n\t\t<div class=\"elementor-element elementor-element-8fb9dfb e-con-full e-flex e-con e-child\" data-id=\"8fb9dfb\" data-element_type=\"container\" data-settings=\"{&quot;background_background&quot;:&quot;classic&quot;}\">\n\t\t\t\t<\/div>\n\t\t<div class=\"elementor-element elementor-element-1492007 e-con-full e-flex e-con e-child\" data-id=\"1492007\" data-element_type=\"container\">\n\t\t\t\t<div class=\"elementor-element elementor-element-a33f3a7 elementor-widget elementor-widget-heading\" data-id=\"a33f3a7\" data-element_type=\"widget\" data-widget_type=\"heading.default\">\n\t\t\t\t<div class=\"elementor-widget-container\">\n\t\t\t\t\t<h2 class=\"elementor-heading-title elementor-size-default\">Inspe\u00e7\u00e3o de Por\u00f5es\n<\/h2>\t\t\t\t<\/div>\n\t\t\t\t<\/div>\n\t\t\t\t<div class=\"elementor-element elementor-element-0ee8597 elementor-widget elementor-widget-heading\" data-id=\"0ee8597\" data-element_type=\"widget\" data-widget_type=\"heading.default\">\n\t\t\t\t<div class=\"elementor-widget-container\">\n\t\t\t\t\t<h2 class=\"elementor-heading-title elementor-size-default\">A inspe\u00e7\u00e3o de por\u00f5es \u00e9 uma etapa crucial para a manuten\u00e7\u00e3o preventiva e para a seguran\u00e7a da carga e da tripula\u00e7\u00e3o. A WM Shipping Services realiza inspe\u00e7\u00f5es detalhadas, utilizando tecnologia de ponta, como c\u00e2meras de inspe\u00e7\u00e3o e sensores, para identificar poss\u00edveis falhas estruturais, vazamentos ou danos. Nossa equipe qualificada realiza an\u00e1lises minuciosas de todos os componentes do por\u00e3o, como sistemas de drenagem, ventila\u00e7\u00e3o e veda\u00e7\u00e3o, al\u00e9m de verificar a conformidade com as regulamenta\u00e7\u00f5es internacionais de seguran\u00e7a. A partir da inspe\u00e7\u00e3o, elaboramos um relat\u00f3rio t\u00e9cnico completo e sugerimos a\u00e7\u00f5es corretivas, se necess\u00e1rias.<\/h2>\t\t\t\t<\/div>\n\t\t\t\t<\/div>\n\t\t\t\t<div class=\"elementor-element elementor-element-cfc9d4c elementor-widget elementor-widget-heading\" data-id=\"cfc9d4c\" data-element_type=\"widget\" data-widget_type=\"heading.default\">\n\t\t\t\t<div class=\"elementor-widget-container\">\n\t\t\t\t\t<h2 class=\"elementor-heading-title elementor-size-default\">Garanta a seguran\u00e7a operacional do seu navio com a inspe\u00e7\u00e3o de por\u00f5es da WM Shipping Services.\n<\/h2>\t\t\t\t<\/div>\n\t\t\t\t<\/div>\n\t\t\t\t<\/div>\n\t\t\t\t<\/div>\n\t\t\t\t<\/div>\n\t\t<div class=\"elementor-element elementor-element-db5e90b e-con-full e-flex e-con e-parent\" data-id=\"db5e90b\" data-element_type=\"container\" id=\"desembaraco\" data-settings=\"{&quot;background_background&quot;:&quot;classic&quot;}\">\n\t\t<div class=\"elementor-element elementor-element-cf3523c e-con-full e-flex e-con e-child\" data-id=\"cf3523c\" data-element_type=\"container\">\n\t\t<div class=\"elementor-element elementor-element-1111300 e-con-full e-flex e-con e-child\" data-id=\"1111300\" data-element_type=\"container\">\n\t\t\t\t<div class=\"elementor-element elementor-element-6297917 elementor-widget elementor-widget-heading\" data-id=\"6297917\" data-element_type=\"widget\" data-widget_type=\"heading.default\">\n\t\t\t\t<div class=\"elementor-widget-container\">\n\t\t\t\t\t<h2 class=\"elementor-heading-title elementor-size-default\">Desembara\u00e7o e Entrega de Pe\u00e7as de Reposi\u00e7\u00e3o\n<\/h2>\t\t\t\t<\/div>\n\t\t\t\t<\/div>\n\t\t\t\t<div class=\"elementor-element elementor-element-5650644 elementor-widget elementor-widget-heading\" data-id=\"5650644\" data-element_type=\"widget\" data-widget_type=\"heading.default\">\n\t\t\t\t<div class=\"elementor-widget-container\">\n\t\t\t\t\t<h2 class=\"elementor-heading-title elementor-size-default\">O desembara\u00e7o aduaneiro e a entrega de pe\u00e7as de reposi\u00e7\u00e3o \u00e9 um processo complexo que exige conhecimento t\u00e9cnico e experi\u00eancia. Na WM Shipping Services, contamos com uma equipe especializada para garantir que todas as pe\u00e7as de reposi\u00e7\u00e3o sejam desembara\u00e7adas e entregues de forma r\u00e1pida e sem contratempos. Trabalhamos diretamente com despachantes aduaneiros e operadores portu\u00e1rios, garantindo que as pe\u00e7as atendam aos requisitos legais e alfandeg\u00e1rios. Al\u00e9m disso, monitoramos o processo log\u00edstico para assegurar que a entrega ocorra dentro dos prazos estipulados e com total conformidade com as regulamenta\u00e7\u00f5es internacionais.<\/h2>\t\t\t\t<\/div>\n\t\t\t\t<\/div>\n\t\t\t\t<div class=\"elementor-element elementor-element-e2de23a elementor-widget elementor-widget-heading\" data-id=\"e2de23a\" data-element_type=\"widget\" data-widget_type=\"heading.default\">\n\t\t\t\t<div class=\"elementor-widget-container\">\n\t\t\t\t\t<h2 class=\"elementor-heading-title elementor-size-default\">Com a WM Shipping Services, suas pe\u00e7as de reposi\u00e7\u00e3o chegam com efici\u00eancia e sem complica\u00e7\u00f5es aduaneiras.\n<\/h2>\t\t\t\t<\/div>\n\t\t\t\t<\/div>\n\t\t\t\t<\/div>\n\t\t<div class=\"elementor-element elementor-element-431c4fe e-con-full e-flex e-con e-child\" data-id=\"431c4fe\" data-element_type=\"container\" data-settings=\"{&quot;background_background&quot;:&quot;classic&quot;}\">\n\t\t\t\t<\/div>\n\t\t\t\t<\/div>\n\t\t\t\t<\/div>\n\t\t<div class=\"elementor-element elementor-element-89d5c50 e-con-full e-flex e-con e-parent\" data-id=\"89d5c50\" data-element_type=\"container\" id=\"suporte\" data-settings=\"{&quot;background_background&quot;:&quot;classic&quot;}\">\n\t\t<div class=\"elementor-element elementor-element-9e7785e e-con-full e-flex e-con e-child\" data-id=\"9e7785e\" data-element_type=\"container\">\n\t\t<div class=\"elementor-element elementor-element-bf6ee35 e-con-full e-flex e-con e-child\" data-id=\"bf6ee35\" data-element_type=\"container\" data-settings=\"{&quot;background_background&quot;:&quot;classic&quot;}\">\n\t\t\t\t<\/div>\n\t\t<div class=\"elementor-element elementor-element-79992ab e-con-full e-flex e-con e-child\" data-id=\"79992ab\" data-element_type=\"container\">\n\t\t\t\t<div class=\"elementor-element elementor-element-fd085a7 elementor-widget elementor-widget-heading\" data-id=\"fd085a7\" data-element_type=\"widget\" data-widget_type=\"heading.default\">\n\t\t\t\t<div class=\"elementor-widget-container\">\n\t\t\t\t\t<h2 class=\"elementor-heading-title elementor-size-default\">Suporte T\u00e9cnico\n<\/h2>\t\t\t\t<\/div>\n\t\t\t\t<\/div>\n\t\t\t\t<div class=\"elementor-element elementor-element-7227f9e elementor-widget elementor-widget-heading\" data-id=\"7227f9e\" data-element_type=\"widget\" data-widget_type=\"heading.default\">\n\t\t\t\t<div class=\"elementor-widget-container\">\n\t\t\t\t\t<h2 class=\"elementor-heading-title elementor-size-default\">A WM Shipping Services oferece suporte t\u00e9cnico 24\/7 para garantir que seus navios operem de forma ininterrupta. Nossa equipe de especialistas est\u00e1 dispon\u00edvel a qualquer momento para prestar assist\u00eancia em situa\u00e7\u00f5es emergenciais, desde a realiza\u00e7\u00e3o de reparos at\u00e9 a an\u00e1lise de falhas t\u00e9cnicas. Com uma rede de fornecedores e parceiros, oferecemos solu\u00e7\u00f5es r\u00e1pidas e eficazes para problemas mec\u00e2nicos, el\u00e9tricos e de sistemas, al\u00e9m de suporte a atendimento \u00e0s Sociedades Classificadoras. A WM Shipping Services se destaca pelo atendimento imediato, que reduz o tempo de inatividade e garante que a opera\u00e7\u00e3o do navio continue sem preju\u00edzos.\n<\/h2>\t\t\t\t<\/div>\n\t\t\t\t<\/div>\n\t\t\t\t<div class=\"elementor-element elementor-element-f373a4f elementor-widget elementor-widget-heading\" data-id=\"f373a4f\" data-element_type=\"widget\" data-widget_type=\"heading.default\">\n\t\t\t\t<div class=\"elementor-widget-container\">\n\t\t\t\t\t<h2 class=\"elementor-heading-title elementor-size-default\">Conte com o suporte t\u00e9cnico especializado da WM Shipping Services para a manuten\u00e7\u00e3o de sua frota.\n<\/h2>\t\t\t\t<\/div>\n\t\t\t\t<\/div>\n\t\t\t\t<\/div>\n\t\t\t\t<\/div>\n\t\t\t\t<\/div>\n\t\t\t\t<\/div>","protected":false},"excerpt":{"rendered":"<p>Services Home \/ Services Crew Change Crew change is an essential operation for the smooth running of ships and must be carried out quickly and in compliance with international health, safety and environmental standards. At WM Shipping Services, we ensure that every rew change is carried out with total efficiency, minimizing ship downtime. Our process [&hellip;]<\/p>","protected":false},"author":1,"featured_media":0,"parent":0,"menu_order":0,"comment_status":"closed","ping_status":"closed","template":"elementor_header_footer","meta":{"footnotes":""},"class_list":["post-453","page","type-page","status-publish","hentry"],"_links":{"self":[{"href":"https:\/\/wmshippingservices.com.br\/pt\/wp-json\/wp\/v2\/pages\/453","targetHints":{"allow":["GET"]}}],"collection":[{"href":"https:\/\/wmshippingservices.com.br\/pt\/wp-json\/wp\/v2\/pages"}],"about":[{"href":"https:\/\/wmshippingservices.com.br\/pt\/wp-json\/wp\/v2\/types\/page"}],"author":[{"embeddable":true,"href":"https:\/\/wmshippingservices.com.br\/pt\/wp-json\/wp\/v2\/users\/1"}],"replies":[{"embeddable":true,"href":"https:\/\/wmshippingservices.com.br\/pt\/wp-json\/wp\/v2\/comments?post=453"}],"version-history":[{"count":95,"href":"https:\/\/wmshippingservices.com.br\/pt\/wp-json\/wp\/v2\/pages\/453\/revisions"}],"predecessor-version":[{"id":1321,"href":"https:\/\/wmshippingservices.com.br\/pt\/wp-json\/wp\/v2\/pages\/453\/revisions\/1321"}],"wp:attachment":[{"href":"https:\/\/wmshippingservices.com.br\/pt\/wp-json\/wp\/v2\/media?parent=453"}],"curies":[{"name":"wp","href":"https:\/\/api.w.org\/{rel}","templated":true}]}}