{"id":713,"date":"2025-06-24T12:23:55","date_gmt":"2025-06-24T12:23:55","guid":{"rendered":"https:\/\/wmshippingservices.com.br\/?page_id=713"},"modified":"2026-02-23T18:55:20","modified_gmt":"2026-02-23T18:55:20","slug":"blog","status":"publish","type":"page","link":"https:\/\/wmshippingservices.com.br\/pt\/blog\/","title":{"rendered":"Blog"},"content":{"rendered":"<div data-elementor-type=\"wp-page\" data-elementor-id=\"713\" class=\"elementor elementor-713\" data-elementor-post-type=\"page\">\n\t\t\t\t<div class=\"elementor-element elementor-element-786540f e-con-full e-flex e-con e-parent\" data-id=\"786540f\" data-element_type=\"container\" data-settings=\"{&quot;background_background&quot;:&quot;classic&quot;}\">\n\t\t\t\t<div class=\"elementor-element elementor-element-dd83b29 elementor-widget elementor-widget-heading\" data-id=\"dd83b29\" data-element_type=\"widget\" data-widget_type=\"heading.default\">\n\t\t\t\t<div class=\"elementor-widget-container\">\n\t\t\t\t\t<h2 class=\"elementor-heading-title elementor-size-default\">Blog<\/h2>\t\t\t\t<\/div>\n\t\t\t\t<\/div>\n\t\t\t\t<div class=\"elementor-element elementor-element-03cf034 elementor-widget elementor-widget-text-editor\" data-id=\"03cf034\" data-element_type=\"widget\" data-widget_type=\"text-editor.default\">\n\t\t\t\t<div class=\"elementor-widget-container\">\n\t\t\t\t\t\t\t\t\t<p><a class=\"other\" href=\"\/pt\/\">Home<\/a> \/ Blog<\/p>\t\t\t\t\t\t\t\t<\/div>\n\t\t\t\t<\/div>\n\t\t\t\t<\/div>\n\t\t<div class=\"elementor-element elementor-element-96cfcc7 e-con-full e-flex e-con e-parent\" data-id=\"96cfcc7\" data-element_type=\"container\" data-settings=\"{&quot;background_background&quot;:&quot;classic&quot;}\">\n\t\t\t\t<div class=\"elementor-element elementor-element-47b582f elementor-posts--thumbnail-none elementor-grid-3 elementor-grid-tablet-2 elementor-grid-mobile-1 elementor-card-shadow-yes elementor-posts__hover-gradient elementor-widget elementor-widget-posts\" data-id=\"47b582f\" data-element_type=\"widget\" data-settings=\"{&quot;cards_columns&quot;:&quot;3&quot;,&quot;cards_columns_tablet&quot;:&quot;2&quot;,&quot;cards_columns_mobile&quot;:&quot;1&quot;,&quot;cards_row_gap&quot;:{&quot;unit&quot;:&quot;px&quot;,&quot;size&quot;:35,&quot;sizes&quot;:[]},&quot;cards_row_gap_tablet&quot;:{&quot;unit&quot;:&quot;px&quot;,&quot;size&quot;:&quot;&quot;,&quot;sizes&quot;:[]},&quot;cards_row_gap_mobile&quot;:{&quot;unit&quot;:&quot;px&quot;,&quot;size&quot;:&quot;&quot;,&quot;sizes&quot;:[]}}\" data-widget_type=\"posts.cards\">\n\t\t\t\t<div class=\"elementor-widget-container\">\n\t\t\t\t\t\t\t<div class=\"elementor-posts-container elementor-posts elementor-posts--skin-cards elementor-grid\" role=\"list\">\n\t\t\t\t<article class=\"elementor-post elementor-grid-item post-1 post type-post status-publish format-standard has-post-thumbnail hentry category-blog\" role=\"listitem\">\n\t\t\t<div class=\"elementor-post__card\">\n\t\t\t\t<div class=\"elementor-post__text\">\n\t\t\t\t<h3 class=\"elementor-post__title translation-block\">Troca de Tripulantes: Ess\u00eancia, Desafios Operacionais <br>e a Efic\u00e1cia Necess\u00e1ria para a Log\u00edstica Mar\u00edtima Global<\/h3>\n\t\t\t\t<div class=\"elementor-post__excerpt\">\n\t\t\t<p>Introduction \u00a0 Crew change is one of the most sensitive operations in maritime and offshore logistics. Although not very visible outside the industry, this process<\/p>\n\t\t<\/div>\n\t\t\t\t\t<div class=\"elementor-post__read-more-wrapper\">\n\t\t\n\t\t<a class=\"elementor-post__read-more\" href=\"https:\/\/wmshippingservices.com.br\/pt\/crew-change-essence-operational-challenges-and-the-necessary-effectiveness-for-global-maritime-logistics\/\" aria-label=\"Leia mais sobre Crew Change: Essence, Operational Challenges, &lt;br&gt;and the Necessary Effectiveness for Global Maritime Logistics\" tabindex=\"-1\" target=\"_blank\">\n\t\t\tLer Mais \u00bb\t\t<\/a>\n\n\t\t\t\t\t<\/div>\n\t\t\t\t<\/div>\n\t\t\t\t<div class=\"elementor-post__meta-data\">\n\t\t\t\t\t<span class=\"elementor-post-date\">\n\t\t\tfevereiro 23, 2026\t\t<\/span>\n\t\t\t\t<\/div>\n\t\t\t\t\t<\/div>\n\t\t<\/article>\n\t\t\t\t<\/div>\n\t\t\n\t\t\t\t\t\t<\/div>\n\t\t\t\t<\/div>\n\t\t\t\t<\/div>\n\t\t\t\t<\/div>","protected":false},"excerpt":{"rendered":"<p>Blog Home \/ Blog<\/p>","protected":false},"author":1,"featured_media":0,"parent":0,"menu_order":0,"comment_status":"closed","ping_status":"closed","template":"elementor_header_footer","meta":{"footnotes":""},"class_list":["post-713","page","type-page","status-publish","hentry"],"_links":{"self":[{"href":"https:\/\/wmshippingservices.com.br\/pt\/wp-json\/wp\/v2\/pages\/713","targetHints":{"allow":["GET"]}}],"collection":[{"href":"https:\/\/wmshippingservices.com.br\/pt\/wp-json\/wp\/v2\/pages"}],"about":[{"href":"https:\/\/wmshippingservices.com.br\/pt\/wp-json\/wp\/v2\/types\/page"}],"author":[{"embeddable":true,"href":"https:\/\/wmshippingservices.com.br\/pt\/wp-json\/wp\/v2\/users\/1"}],"replies":[{"embeddable":true,"href":"https:\/\/wmshippingservices.com.br\/pt\/wp-json\/wp\/v2\/comments?post=713"}],"version-history":[{"count":16,"href":"https:\/\/wmshippingservices.com.br\/pt\/wp-json\/wp\/v2\/pages\/713\/revisions"}],"predecessor-version":[{"id":1312,"href":"https:\/\/wmshippingservices.com.br\/pt\/wp-json\/wp\/v2\/pages\/713\/revisions\/1312"}],"wp:attachment":[{"href":"https:\/\/wmshippingservices.com.br\/pt\/wp-json\/wp\/v2\/media?parent=713"}],"curies":[{"name":"wp","href":"https:\/\/api.w.org\/{rel}","templated":true}]}}